{"id":161,"date":"2016-03-04T10:46:30","date_gmt":"2016-03-04T10:46:30","guid":{"rendered":"http:\/\/dornmusic.com\/de\/?page_id=161"},"modified":"2026-04-14T15:15:42","modified_gmt":"2026-04-14T15:15:42","slug":"about-us-2","status":"publish","type":"page","link":"https:\/\/dornmusic.com\/de\/about-us-2\/","title":{"rendered":"\u00dcber Uns"},"content":{"rendered":"[vc_row type=&#8220;full_width_content&#8220; full_screen_row_position=&#8220;middle&#8220; column_margin=&#8220;default&#8220; column_direction=&#8220;default&#8220; column_direction_tablet=&#8220;default&#8220; column_direction_phone=&#8220;default&#8220; scene_position=&#8220;center&#8220; text_color=&#8220;dark&#8220; text_align=&#8220;left&#8220; row_border_radius=&#8220;none&#8220; row_border_radius_applies=&#8220;bg&#8220; overflow=&#8220;visible&#8220; overlay_strength=&#8220;0.3&#8243; gradient_direction=&#8220;left_to_right&#8220; shape_divider_position=&#8220;bottom&#8220; bg_image_animation=&#8220;none&#8220;][vc_column column_padding=&#8220;no-extra-padding&#8220; column_padding_tablet=&#8220;inherit&#8220; column_padding_phone=&#8220;inherit&#8220; column_padding_position=&#8220;all&#8220; column_element_direction_desktop=&#8220;default&#8220; column_element_spacing=&#8220;default&#8220; desktop_text_alignment=&#8220;default&#8220; tablet_text_alignment=&#8220;default&#8220; phone_text_alignment=&#8220;default&#8220; background_color_opacity=&#8220;1&#8243; background_hover_color_opacity=&#8220;1&#8243; column_backdrop_filter=&#8220;none&#8220; column_shadow=&#8220;none&#8220; column_border_radius=&#8220;none&#8220; column_link_target=&#8220;_self&#8220; column_position=&#8220;default&#8220; gradient_direction=&#8220;left_to_right&#8220; overlay_strength=&#8220;0.3&#8243; width=&#8220;1\/1&#8243; tablet_width_inherit=&#8220;default&#8220; animation_type=&#8220;default&#8220; bg_image_animation=&#8220;none&#8220; border_type=&#8220;simple&#8220; column_border_width=&#8220;none&#8220; column_border_style=&#8220;solid&#8220;][image_with_animation image_url=&#8220;1597&#8243; image_size=&#8220;full&#8220; animation_type=&#8220;entrance&#8220; animation=&#8220;Fade In&#8220; animation_easing=&#8220;default&#8220; animation_movement_type=&#8220;transform_y&#8220; hover_animation=&#8220;none&#8220; alignment=&#8220;center&#8220; border_radius=&#8220;none&#8220; box_shadow=&#8220;none&#8220; image_loading=&#8220;default&#8220; max_width=&#8220;100%&#8220; max_width_mobile=&#8220;default&#8220;][\/vc_column][\/vc_row][vc_row type=&#8220;in_container&#8220; full_screen_row_position=&#8220;middle&#8220; column_margin=&#8220;default&#8220; column_direction=&#8220;default&#8220; column_direction_tablet=&#8220;default&#8220; column_direction_phone=&#8220;default&#8220; scene_position=&#8220;center&#8220; text_color=&#8220;dark&#8220; text_align=&#8220;left&#8220; row_border_radius=&#8220;none&#8220; row_border_radius_applies=&#8220;bg&#8220; overflow=&#8220;visible&#8220; overlay_strength=&#8220;0.3&#8243; gradient_direction=&#8220;left_to_right&#8220; shape_divider_position=&#8220;bottom&#8220; bg_image_animation=&#8220;none&#8220;][vc_column column_padding=&#8220;no-extra-padding&#8220; column_padding_tablet=&#8220;inherit&#8220; column_padding_phone=&#8220;inherit&#8220; column_padding_position=&#8220;all&#8220; column_element_direction_desktop=&#8220;default&#8220; column_element_spacing=&#8220;default&#8220; desktop_text_alignment=&#8220;default&#8220; tablet_text_alignment=&#8220;default&#8220; phone_text_alignment=&#8220;default&#8220; background_color_opacity=&#8220;1&#8243; background_hover_color_opacity=&#8220;1&#8243; column_backdrop_filter=&#8220;none&#8220; column_shadow=&#8220;none&#8220; column_border_radius=&#8220;none&#8220; column_link_target=&#8220;_self&#8220; column_position=&#8220;default&#8220; gradient_direction=&#8220;left_to_right&#8220; overlay_strength=&#8220;0.3&#8243; width=&#8220;1\/1&#8243; tablet_width_inherit=&#8220;default&#8220; animation_type=&#8220;default&#8220; bg_image_animation=&#8220;none&#8220; border_type=&#8220;simple&#8220; column_border_width=&#8220;none&#8220; column_border_style=&#8220;solid&#8220;][tabbed_section style=&#8220;minimal&#8220; tab_change_animation=&#8220;fade&#8220; alignment=&#8220;left&#8220; spacing=&#8220;default&#8220; tab_color=&#8220;Accent-Color&#8220; vs_content_animation=&#8220;fade&#8220; vs_link_animation=&#8220;opacity&#8220; vs_navigation_alignment=&#8220;left&#8220; vs_navigation_width_2=&#8220;25%&#8220; vs_navigation_func=&#8220;default&#8220; vs_navigation_width=&#8220;regular&#8220; vs_navigation_spacing=&#8220;15px&#8220; vs_navigation_mobile_display=&#8220;visible&#8220; vs_tab_spacing=&#8220;5%&#8220; cta_button_style=&#8220;accent-color&#8220; icon_size=&#8220;24&#8243;][tab icon_family=&#8220;none&#8220; title=&#8220;Philosophie&#8220; tab_id=&#8220;1776179511977-9&#8243; id=&#8220;1776179511976-6&#8243;][vc_column_text]\n<p style=\"text-align: justify;\">Die internationale K\u00fcnstleragentur Dorn Music wurde von Tanja Dorn, eine der f\u00fchrenden Musikmanager weltweit, gegr\u00fcndet. Im Fokus steht ein ma\u00dfgeschneidertes Managementkonzept, bei dem der\u00a0K\u00fcnstler\u00a0in allen Belangen und Bereichen seiner Karriere von einem global agierenden Managementteam\u00a0unterst\u00fctzt und beraten wird. Als Knotenpunkt zwischen K\u00fcnstlern, Veranstaltern, CD Labels, PR-Agenturen und dem Publikum b\u00fcndelt Dorn Music die verschiedenen Interessen, um k\u00fcnstlerische Spitzenleistung und den reibungslosen Ablauf eines au\u00dfergew\u00f6hnlichen Musikerlebnisses mit zu gew\u00e4hrleisten.<\/p>\n<p style=\"text-align: justify;\">Die im Januar 2016 gegr\u00fcndete und in Hannover ans\u00e4ssige Agentur Dorn Music besteht aus einem Kernteam von f\u00fcnf Mitarbeitern, darunter zwei multilinguale K\u00fcnstlermanagerinnen neben Tanja Dorn. Die Agentur verfolgt einen individuellen Managementansatz, der auf eine nachhaltige, lange Karriere des einzelnen K\u00fcnstlers ausgerichtet ist.<\/p>\n<p style=\"text-align: justify;\">Im Jahr 2017\u00a0wurde die Young Artists Foundation \u00a0gegr\u00fcndet &#8211; eine\u00a0gemeinn\u00fctzige Organisation\u00a0zur F\u00f6rderung junger K\u00fcnstler. Dies ist ein Anliegen, f\u00fcr das sich Tanja Dorn seit Beginn ihrer Karriere einsetzt.<br \/>\nWeitere Informationen unter: <a href=\"http:\/\/www.youngartistsfoundation.org\" target=\"_blank\" rel=\"noopener noreferrer\">www.youngartistsfoundation.org<\/a>.<\/p>\n<p style=\"text-align: justify;\">Im Januar 2018 wurde Dorn Music LLC gegr\u00fcndet und ein B\u00fcro in New York er\u00f6ffnet.<\/p>\n[\/vc_column_text][\/tab][tab icon_family=&#8220;none&#8220; title=&#8220;Tanja Dorn&#8220; tab_id=&#8220;1776179512006-8&#8243; id=&#8220;1776179512005-9&#8243;][vc_column_text]Tanja Dorn wurde in Mainz geboren und studierte Klavier bei Annerose Schmidt an der Musikhochschule \u201eHanns Eisler&#8220; in Berlin. Berufliche Stationen f\u00fchrten sie zu Columbia Artists in New York, sie war B\u00fcroleiterin von Sir Andr\u00e9 Previn sowie Direktorin und Prokuristin bei IMG Artists. Seit \u00fcber zwanzig Jahren managt sie internationale K\u00fcnstlerkarrieren &#8211; seit 2016 mit ihrer eigenen Agentur Dorn Music mit B\u00fcros in Hannover und New York. Sie vertritt u. a. Tarmo Peltokoski, Jan Vogler, Martin Helmchen, Anna Handler, Philip Lasser, Jean-Christophe Spinosi, das Hong Kong Philharmonic und das Orchestre National du Capitole de Toulouse. 2016 gr\u00fcndete sie die Young Artists Foundation zur F\u00f6rderung junger Musiker.<\/p>\n<p>Tanja Dorn veranstaltet und organisiert Tourneen von aussergew\u00f6hnlichen Projekten, darunter &#8222;New Worlds &#8211; Bill Murray, Jan Vogler and Friends&#8220;, John Malkovich in &#8222;The Music Critic&#8220; und produzierte den Konzertfilm New Worlds: The Cradle Of Civilization, der 2021 bei den 74. Internationalen Filmfestspielen von Cannes in der official selection Premiere feierte. 2022 organisierte sie die historische Residenz der New Yorker Philharmoniker in Peenem\u00fcnde. Im Februar 2024 veranstaltete sie im Isaac Stern Auditorium der Carnegie Hall das Deb\u00fct der ber\u00fchmten Inaugurationspoetin Amanda Gorman zusammen mit dem Cellisten Jan Vogler: &#8222;An Evening of Bach and Poetry.&#8220; Anl\u00e4sslich des 15. Jahrestags des Berliner Mauerfalls brachte sie mit Hilfe des Berliner Senats ein grosses St\u00fcck Mauer nach New York. Dieses St\u00fcck steht dauerhaft in der Liberty Street in Manhattan.[\/vc_column_text][\/tab][tab icon_family=&#8220;none&#8220; title=&#8220;Stellenangebote&#8220; tab_id=&#8220;1776179512019-2&#8243; id=&#8220;1776179512019-9&#8243;][vc_row_inner column_margin=&#8220;default&#8220; column_direction=&#8220;default&#8220; column_direction_tablet=&#8220;default&#8220; column_direction_phone=&#8220;default&#8220; text_align=&#8220;left&#8220; row_position=&#8220;default&#8220; row_position_tablet=&#8220;inherit&#8220; row_position_phone=&#8220;inherit&#8220; overflow=&#8220;visible&#8220; pointer_events=&#8220;all&#8220;][vc_column_inner column_padding=&#8220;no-extra-padding&#8220; column_padding_tablet=&#8220;inherit&#8220; column_padding_phone=&#8220;inherit&#8220; column_padding_position=&#8220;all&#8220; column_element_direction_desktop=&#8220;default&#8220; column_element_spacing=&#8220;default&#8220; desktop_text_alignment=&#8220;default&#8220; tablet_text_alignment=&#8220;default&#8220; phone_text_alignment=&#8220;default&#8220; background_color_opacity=&#8220;1&#8243; background_hover_color_opacity=&#8220;1&#8243; column_backdrop_filter=&#8220;none&#8220; column_shadow=&#8220;none&#8220; column_border_radius=&#8220;none&#8220; column_link_target=&#8220;_self&#8220; overflow=&#8220;visible&#8220; gradient_direction=&#8220;left_to_right&#8220; overlay_strength=&#8220;0.3&#8243; width=&#8220;1\/1&#8243; tablet_width_inherit=&#8220;default&#8220; animation_type=&#8220;default&#8220; bg_image_animation=&#8220;none&#8220; border_type=&#8220;simple&#8220; column_border_width=&#8220;none&#8220; column_border_style=&#8220;solid&#8220;][vc_column_text]Bewerbungen f\u00fcr Praktika in unserem Office in Hannover sind stets willkommen!<br \/>\nSenden Sie Ihre Bewerbung gern an: <strong>info@dornmusic.com<\/strong><br \/>\n<a href=\"http:\/\/dornmusic.com\/wp-content\/uploads\/Ausschreibung_Praktikant_201809-1.pdf\">Ausschreibung und Bewerbungsanforderungen<\/a>[\/vc_column_text][\/vc_column_inner][\/vc_row_inner][\/tab][\/tabbed_section][\/vc_column][\/vc_row]\n","protected":false},"excerpt":{"rendered":"<p>[vc_row type=&#8220;full_width_content&#8220; full_screen_row_position=&#8220;middle&#8220; column_margin=&#8220;default&#8220; column_direction=&#8220;default&#8220; column_direction_tablet=&#8220;default&#8220; column_direction_phone=&#8220;default&#8220; scene_position=&#8220;center&#8220; text_color=&#8220;dark&#8220; text_align=&#8220;left&#8220; row_border_radius=&#8220;none&#8220; row_border_radius_applies=&#8220;bg&#8220;&#8230;<\/p>\n","protected":false},"author":1,"featured_media":0,"parent":0,"menu_order":0,"comment_status":"closed","ping_status":"closed","template":"","meta":{"footnotes":""},"class_list":["post-161","page","type-page","status-publish"],"_links":{"self":[{"href":"https:\/\/dornmusic.com\/de\/wp-json\/wp\/v2\/pages\/161","targetHints":{"allow":["GET"]}}],"collection":[{"href":"https:\/\/dornmusic.com\/de\/wp-json\/wp\/v2\/pages"}],"about":[{"href":"https:\/\/dornmusic.com\/de\/wp-json\/wp\/v2\/types\/page"}],"author":[{"embeddable":true,"href":"https:\/\/dornmusic.com\/de\/wp-json\/wp\/v2\/users\/1"}],"replies":[{"embeddable":true,"href":"https:\/\/dornmusic.com\/de\/wp-json\/wp\/v2\/comments?post=161"}],"version-history":[{"count":1,"href":"https:\/\/dornmusic.com\/de\/wp-json\/wp\/v2\/pages\/161\/revisions"}],"predecessor-version":[{"id":15922,"href":"https:\/\/dornmusic.com\/de\/wp-json\/wp\/v2\/pages\/161\/revisions\/15922"}],"wp:attachment":[{"href":"https:\/\/dornmusic.com\/de\/wp-json\/wp\/v2\/media?parent=161"}],"curies":[{"name":"wp","href":"https:\/\/api.w.org\/{rel}","templated":true}]}}