{"id":398,"date":"2016-03-11T12:19:37","date_gmt":"2016-03-11T12:19:37","guid":{"rendered":"http:\/\/dornmusic.com\/de\/imprint\/"},"modified":"2025-08-11T08:55:20","modified_gmt":"2025-08-11T08:55:20","slug":"imprint","status":"publish","type":"page","link":"https:\/\/dornmusic.com\/de\/imprint\/","title":{"rendered":"Imprint"},"content":{"rendered":"[vc_row type=&#8220;in_container&#8220; full_screen_row_position=&#8220;middle&#8220; column_margin=&#8220;default&#8220; column_direction=&#8220;default&#8220; column_direction_tablet=&#8220;default&#8220; column_direction_phone=&#8220;default&#8220; scene_position=&#8220;center&#8220; text_color=&#8220;dark&#8220; text_align=&#8220;left&#8220; row_border_radius=&#8220;none&#8220; row_border_radius_applies=&#8220;bg&#8220; overflow=&#8220;visible&#8220; overlay_strength=&#8220;0.3&#8243; gradient_direction=&#8220;left_to_right&#8220; shape_divider_position=&#8220;bottom&#8220; bg_image_animation=&#8220;none&#8220;][vc_column column_padding=&#8220;no-extra-padding&#8220; column_padding_tablet=&#8220;inherit&#8220; column_padding_phone=&#8220;inherit&#8220; column_padding_position=&#8220;all&#8220; column_element_direction_desktop=&#8220;default&#8220; column_element_spacing=&#8220;default&#8220; desktop_text_alignment=&#8220;default&#8220; tablet_text_alignment=&#8220;default&#8220; phone_text_alignment=&#8220;defafult&#8220; background_color_opacity=&#8220;1&#8243; background_hover_color_opacity=&#8220;1&#8243; column_backdrop_filter=&#8220;none&#8220; column_shadow=&#8220;none&#8220; column_border_radius=&#8220;none&#8220; column_link_target=&#8220;_self&#8220; column_position=&#8220;default&#8220; gradient_direction=&#8220;left_to_right&#8220; overlay_strength=&#8220;0.3&#8243; width=&#8220;1\/1&#8243; tablet_width_inherit=&#8220;default&#8220; animation_type=&#8220;default&#8220; bg_image_animation=&#8220;none&#8220; border_type=&#8220;simple&#8220; column_border_width=&#8220;none&#8220; column_border_style=&#8220;solid&#8220;][vc_column_text]<strong>Dorn Music GmbH &amp; Co. KG<\/strong><br \/>\nNiederlassung: Scheidestr. 9, 30625 Hannover, Germany<br \/>\nUSt-IDNr. DE304318335<br \/>\nSitz: Heidesheim am Rhein, Germany I Amtsgericht Mainz HRB 42803<br \/>\nGesch\u00e4ftsf\u00fchrerin: Tanja Dorn handelnd f\u00fcr die Pers\u00f6nlich haftende Gesellschafterin Dorn GmbH,<br \/>\nSitz: Heidesheim am Rhein, Germany I Amtsgericht Mainz HRB 46569\u200b<br \/>\nGesch\u00e4ftsf\u00fchrerin: Tanja Dorn<\/p>\n<p><strong>Dorn Music, LLC<\/strong><br \/>\n33 W60th Street, 2nd Floor<br \/>\nNew York, NY 10023,\u00a0USA<br \/>\nLicense Number: 2078625-DCA<br \/>\nPrincipal: Tanja Dorn<\/p>\n<p><strong>Photo credits:<\/strong><br \/>\nTanja Dorn &amp; Susanne Schmieder: <a href=\"https:\/\/www.peterrigaud.com\">Peter Rigaud<\/a><\/p>\n<hr \/>\n<p><strong>Datenschutzerkl\u00e4rung<\/strong><\/p>\n<p>Diese Webseite unter der\u00a0URL <a href=\"http:\/\/www.dornmusic.com\">http:\/\/www.dornmusic.com<\/a> (nachfolgend\u00a0\u201cWebseite\u201d genannt)\u00a0wird von der Dorn Music GmbH &amp; Co. KG (nachfolgend &#8222;Dorn Music&#8220; genannt) betrieben. Diese ist verantwortliche Stelle im Sinne des Bundesschutzgesetzes.<\/p>\n<p><strong>1. Erhebung, Verwendung und L\u00f6schung von personenbezogenen Daten<\/strong><br \/>\nDiese Webseite erhebt nur im geringen Ma\u00df personenbezogene Daten. Alle Daten werden elektronisch gespeichert.<\/p>\n<p><strong>1.1 Bei jeder Nutzung unserer Internetpr\u00e4senz<\/strong><br \/>\nIhr Internetbrowser \u00fcbermittelt bei jedem Zugriff auf unsere Webseite aus technischen Gr\u00fcnden automatisch Daten an unsere Webserver. Bei der Nutzung unserer Webseite werden folgende Daten protokolliert:<\/p>\n<ul>\n<li>IP-Adresse des anfragenden Endger\u00e4ts;<\/li>\n<li>Betriebssystem des Endger\u00e4ts<\/li>\n<li>Datum und Uhrzeit des Zugriffs;<\/li>\n<li>Name und URL der abgerufenen Datei;<\/li>\n<li>verwendete Suchmaschine;<\/li>\n<li>Betriebssystem Ihres Endger\u00e4ts und der von Ihnen verwendete Browser (Typ und Version);<\/li>\n<li>Name Ihres Internet-Access-Providers;<\/li>\n<li>\u00fcbertragene Datenmenge sowie<\/li>\n<li>Meldung \u00fcber erfolgreichen Abruf.<\/li>\n<\/ul>\n<p>Diese Daten werden von Dorn Music erhoben, um den Zugriff auf und Nutzung der Webseite zu erm\u00f6glichen. Die Daten werden ansonsten anonymisiert und zu systeminternen und statistischen Zwecken ausgewertet und im Anschluss gel\u00f6scht.<\/p>\n<p><strong>1.2 Kontaktaufnahme \u00fcber unsere Webseite<\/strong><br \/>\nWeitergehende personenbezogene Informationen erfasst Dorn Music nur, wenn Sie diese freiwillig zur Verf\u00fcgung stellen.\u00a0Dies kann zum Beispiel durch Anklicken einer unserer E-Mail-Adressen zur Kontaktaufnahme erfolgen. \u00dcber die Webseite wird dann die E-Mail-Adresse mit Ihrem E-Mail-Programm und als Empf\u00e4nger angegeben. Die Versendung Ihrer Anfrage erfolgt \u00fcber das von Ihnen verwendete E-Mail-Programm und nicht \u00fcber unsere Webseite. Die hier\u00fcber erhobenen personenbezogenen Daten werden gel\u00f6scht, sobald die Kommunikation beendet beziehungsweise Ihr Anliegen vollst\u00e4ndig gekl\u00e4rt ist.<\/p>\n<p><strong>2. Dritte<\/strong><br \/>\nDritten werden Ihre Daten nur dann zug\u00e4nglich gemacht, soweit Dorn Music hierzu nach Datenschutzrecht berechtigt oder verpflichtet ist. Eine Berechtigung liegt z. B. dann vor, wenn Dorn Music die Daten von einem Serviceprovider im Wege der Auftragsdatenverarbeitung speichern l\u00e4sst. Derartige Unternehmen werden von Dorn Music zur Einhaltung des einschl\u00e4gigen Datenschutzrechts, wie z. B. des Bundesdatenschutz- und Telemediengesetzes, verpflichtet. Eine weitere Berechtigung kann vorliegen, wenn Sie uns Ihr ausdr\u00fcckliches Einverst\u00e4ndnis zur Weiterleitung erteilen. Ferner kann Dorn Music gesetzlich zur Weitergabe der Daten an Dritte, z. B. Ermittlungsbeh\u00f6rden, verpflichtet sein.<\/p>\n<p><strong>3. L\u00f6schung Ihrer Daten<\/strong><br \/>\nDie von Ihnen angegebenen Daten werden f\u00fcr die jeweils vereinbarten Zwecke, d. h. z. B. zur Kontaktaufnahme oder Bearbeitung Ihres Anliegens, verwendet. Fallen die entsprechenden Erhebungs- und Speicherzwecke weg, werden die Daten gel\u00f6scht, soweit keine gesetzlichen Aufbewahrungspflichten von Dorn Music bestehen. Muss Dorn Music die Daten aufgrund geltenden Rechts aufbewahren, werden die Daten f\u00fcr jegliche andere Verwendung als die gesetzlich bestimmte gesperrt.<\/p>\n<p><strong>4. Verwendung von Cookies<\/strong><br \/>\n<strong><strong>4.1 Generelles<\/strong><\/strong><br \/>\nDorn Music verwendet auf seiner Internetseite \u201eCookies\u201c, um den Funktionsumfang zu erweitern und die Nutzung f\u00fcr Sie komfortabler zu gestalten. Cookies werden ausschlie\u00dflich im Rahmen der Nutzung von Google Analytics eingesetzt.<\/p>\n<p>&#8222;Cookies&#8220; sind Eintr\u00e4ge in Datenbanken auf Ihrem Endger\u00e4t, die dem Austausch von Informationen zwischen Computerprogrammen oder der kurzfristigen Archivierung von Informationen dienen. Cookies selbst enthalten keine personenbezogenen Daten. Grunds\u00e4tzlich werden zwei Arten von Cookies unterschieden:<\/p>\n<ul>\n<li><strong>Session Cookies<\/strong>: Session Cookies werden auf Ihrem Endger\u00e4t f\u00fcr die L\u00e4nge Ihrer Internetnutzung gespeichert. Wenn Sie die Nutzung beenden und Ihren Browser schlie\u00dfen, werden die Cookies inaktiv und automatisch von Ihrem Endger\u00e4t gel\u00f6scht.<\/li>\n<li><strong>Permanente Cookies<\/strong>: Permanente Cookies werden auf dem Speicher Ihres Endger\u00e4ts hinterlegt und werden nicht gel\u00f6scht, wenn Sie den Browser schlie\u00dfen. Sie werden genutzt, um Ihre Pr\u00e4ferenzen auf der Website festzuhalten, sodass diese beim n\u00e4chsten Mal, wenn Sie die Website besuchen, bekannt sind. Die \u00fcber Cookies generierten Daten werden auch erhoben, um Informationen \u00fcber die Anzahl der Besucher, die Durchschnittsverweilzeit auf einer bestimmten Seite und eine Nutzerverhaltensanalyse hinsichtlich unserer Website zu erstellen. Diese Informationen werden verwendet, um herauszufinden, wie gut die Website angenommen wird und wo sie ggf. verbessert werden kann.<\/li>\n<\/ul>\n<p>Sie haben die M\u00f6glichkeit, das Abspeichern von Cookies auf Ihrem Rechner durch entsprechende Einstellungen in dem auf Ihrem Computer verwendeten Internetbrowser zu verhindern.<\/p>\n<p><strong>4.2 Google Analytics<\/strong><br \/>\nWir verwenden den Webseitenanalysedienst Google Analytics, der von der Google Inc., 201 S Division St #500 Ann Arbor MI 48104 USA betrieben wird. Google verwendet ebenfalls \u201eCookies\u201c, d. h. Textdateien, die auf Ihrem Endger\u00e4t gespeichert werden und die eine Nutzungsanalyse der Webseite durch Dorn Music m\u00f6glichen. Zu diesem Zweck werden die durch den Cookie erzeugten Informationen \u00fcber Ihre Benutzung dieser Webseite (einschlie\u00dflich Ihrer IP Adresse) weitergeleitet an die Server von Google in den USA und dort zu Analysezwecken gespeichert. Ihre IP-Adresse wird sofort nach der Verarbeitung und vor deren Speicherung anonymisiert. Google wird diese Informationen im Auftrag von Dorn Music benutzen, um Ihre Nutzung der Webseite auszuwerten, um Reports \u00fcber die Websiteaktivit\u00e4ten zusammenzustellen und diese Informationen zur Verbesserung der Webseite auszuwerten. Die von Google von Ihrem Browser \u00fcbermittelte IP-Adresse wird nicht mit anderen Daten von Google zusammengef\u00fchrt oder in Verbindung gebracht. Sie k\u00f6nnen den Einsatz von Google Analytics durch Installation eines Add-Ons unterbinden, das Sie hier https:\/\/tools.google.com\/dlpage\/gaoptout?hl=de herunterladen k\u00f6nnen.<\/p>\n<p><strong>5. Auskunfts-, Sperrungs-, Berichtigungs- und L\u00f6schungsrecht<\/strong><br \/>\nSie haben jederzeit das Recht, kostenfrei Auskunft \u00fcber die von Ihnen bei uns gespeicherten Daten zu erhalten, unrichtige Daten korrigieren sowie Daten sperren oder l\u00f6schen zu lassen.[\/vc_column_text][\/vc_column][\/vc_row]\n","protected":false},"excerpt":{"rendered":"<p>[vc_row type=&#8220;in_container&#8220; full_screen_row_position=&#8220;middle&#8220; column_margin=&#8220;default&#8220; column_direction=&#8220;default&#8220; column_direction_tablet=&#8220;default&#8220; column_direction_phone=&#8220;default&#8220; scene_position=&#8220;center&#8220; text_color=&#8220;dark&#8220; text_align=&#8220;left&#8220; row_border_radius=&#8220;none&#8220; row_border_radius_applies=&#8220;bg&#8220;&#8230;<\/p>\n","protected":false},"author":1,"featured_media":0,"parent":0,"menu_order":0,"comment_status":"closed","ping_status":"closed","template":"","meta":{"footnotes":""},"class_list":["post-398","page","type-page","status-publish"],"_links":{"self":[{"href":"https:\/\/dornmusic.com\/de\/wp-json\/wp\/v2\/pages\/398","targetHints":{"allow":["GET"]}}],"collection":[{"href":"https:\/\/dornmusic.com\/de\/wp-json\/wp\/v2\/pages"}],"about":[{"href":"https:\/\/dornmusic.com\/de\/wp-json\/wp\/v2\/types\/page"}],"author":[{"embeddable":true,"href":"https:\/\/dornmusic.com\/de\/wp-json\/wp\/v2\/users\/1"}],"replies":[{"embeddable":true,"href":"https:\/\/dornmusic.com\/de\/wp-json\/wp\/v2\/comments?post=398"}],"version-history":[{"count":1,"href":"https:\/\/dornmusic.com\/de\/wp-json\/wp\/v2\/pages\/398\/revisions"}],"predecessor-version":[{"id":15392,"href":"https:\/\/dornmusic.com\/de\/wp-json\/wp\/v2\/pages\/398\/revisions\/15392"}],"wp:attachment":[{"href":"https:\/\/dornmusic.com\/de\/wp-json\/wp\/v2\/media?parent=398"}],"curies":[{"name":"wp","href":"https:\/\/api.w.org\/{rel}","templated":true}]}}